{"id":7,"date":"2025-09-30T22:25:37","date_gmt":"2025-09-30T20:25:37","guid":{"rendered":"http:\/\/www.farnostimikulovska.cz\/?page_id=7"},"modified":"2026-01-29T21:33:23","modified_gmt":"2026-01-29T20:33:23","slug":"uvodni-stranka","status":"publish","type":"page","link":"https:\/\/www.farnostimikulovska.cz\/","title":{"rendered":"\u00davodn\u00ed str\u00e1nka"},"content":{"rendered":"\n<div class=\"wp-block-stackable-columns stk-block-columns stk-block stk-948158f stk-block-background stk--background-scheme--scheme-default-3 stk--has-background-overlay\" data-block-id=\"948158f\"><style>.stk-948158f {background-color:transparent !important;background-image:url(http:\/\/www.farnostimikulovska.cz\/wp-content\/uploads\/2025\/10\/545735252_1222887716543045_6431330132518433280_n.jpg) !important;align-items:flex-start !important;padding-top:var(--stk--preset--spacing--20, 0.44rem) !important;padding-right:var(--stk--preset--spacing--20, 0.44rem) !important;padding-bottom:var(--stk--preset--spacing--20, 0.44rem) !important;padding-left:var(--stk--preset--spacing--20, 0.44rem) !important;margin-top:var(--stk--preset--spacing--none, 0px) !important;margin-bottom:0px !important;display:flex !important;}.stk-948158f:before{opacity:0.6 !important;mix-blend-mode:hard-light !important;background-image:linear-gradient(90deg,  0%, rgba(0,0,0,0) 100%) !important;}<\/style><div class=\"stk-row stk-inner-blocks stk-block-content stk-content-align stk-948158f-column\">\n<div class=\"wp-block-stackable-column stk-block-column stk-column stk-block stk-3683c8c\" data-v=\"4\" data-block-id=\"3683c8c\"><div class=\"stk-column-wrapper stk-block-column__content stk-container stk-3683c8c-container stk--no-background stk--no-padding\"><div class=\"stk-block-content stk-inner-blocks stk-3683c8c-inner-blocks\">\n<div class=\"wp-block-stackable-spacer stk-block-spacer stk--no-padding stk-block stk-4ecafb1\" data-block-id=\"4ecafb1\"><style>.stk-4ecafb1 {height:382px !important;}<\/style><\/div>\n\n\n\n<div class=\"wp-block-stackable-heading stk-block-heading stk-block-heading--v2 stk-block stk-2eb442b stk-block-background\" id=\"span-style-color-ffffff-class-stk-highlight-rimskokatolicke-farnosti-bavory-brezi-dobre-pole-dolni-vestonice-horni-vestonice-klentnice-mikulov-sv-jan-mikulov-sv-vaclav-milovice-pavlov-perna-sedlec-span\" data-block-id=\"2eb442b\"><style>.stk-2eb442b {background-color:#0f0e17b5 !important;}.stk-2eb442b:before{background-color:#0f0e17b5 !important;}<\/style><h4 class=\"stk-block-heading__text has-text-align-center\"><span style=\"color: #ffffff;\" class=\"stk-highlight\">\u0158\u00edmskokatolick\u00e9 farnosti: Bavory, B\u0159ez\u00ed, Dobr\u00e9 Pole, Doln\u00ed V\u011bstonice, Horn\u00ed V\u011bstonice, Klentnice, Mikulov&nbsp;sv.&nbsp;Jan, Mikulov&nbsp;sv.&nbsp;V\u00e1clav, Milovice, Pavlov, Pern\u00e1, Sedlec<\/span><\/h4><\/div>\n<\/div><\/div><\/div>\n<\/div><\/div>\n\n\n\n<div class=\"wp-block-stackable-columns stk-block-columns stk-block stk-4735ebf\" data-block-id=\"4735ebf\"><div class=\"stk-row stk-inner-blocks stk-block-content stk-content-align stk-4735ebf-column\">\n<div class=\"wp-block-stackable-column stk-block-column stk-column stk-block stk-e269007\" data-v=\"4\" data-block-id=\"e269007\"><div class=\"stk-column-wrapper stk-block-column__content stk-container stk-e269007-container stk--no-background stk--no-padding\"><div class=\"stk-block-content stk-inner-blocks stk-e269007-inner-blocks\">\n<div class=\"wp-block-stackable-columns stk-block-columns stk-block stk-2dc1a64\" data-block-id=\"2dc1a64\"><style>.stk-2dc1a64 {margin-top:var(--stk--preset--spacing--50, 1.5rem) !important;margin-bottom:0px !important;}.stk-2dc1a64-column{--stk-column-gap:var(--stk--preset--spacing--50, clamp(30px, 5vw, 50px)) !important;row-gap:var(--stk--preset--spacing--none, 0px) !important;}<\/style><div class=\"stk-row stk-inner-blocks stk-block-content stk-content-align stk-2dc1a64-column\">\n<div class=\"wp-block-stackable-column stk-block-column stk-column stk-block stk-32d0c1d\" data-v=\"4\" data-block-id=\"32d0c1d\"><div class=\"stk-column-wrapper stk-block-column__content stk-container stk-32d0c1d-container stk--no-background stk--no-padding\"><div class=\"stk-block-content stk-inner-blocks stk-32d0c1d-inner-blocks\">\n<div class=\"wp-block-stackable-heading stk-block-heading stk-block-heading--v2 stk-block stk-0079640 stk-block-background\" id=\"heading-placeholder\" data-block-id=\"0079640\"><style>.stk-0079640 {background-color:#210768 !important;margin-bottom:16px !important;}.stk-0079640:before{background-color:#210768 !important;}.stk-0079640 .stk-block-heading__text{color:#fffffe !important;font-style:normal !important;}<\/style><h3 class=\"stk-block-heading__text has-text-color\">Po\u0159ad bohoslu\u017eeb<\/h3><\/div>\n\n\n\n<div class=\"wp-block-columns is-layout-flex wp-container-core-columns-is-layout-9d6595d7 wp-block-columns-is-layout-flex\">\n<div class=\"wp-block-column is-layout-flow wp-block-column-is-layout-flow\" style=\"flex-basis:100%\"><ul class=\"wp-block-latest-posts__list wp-block-latest-posts\"><li><a class=\"wp-block-latest-posts__post-title\" href=\"https:\/\/www.farnostimikulovska.cz\/?p=510\">Po\u0159ad bohoslu\u017eeb 5. &#8211; 12. 4. 2026<\/a><div class=\"wp-block-latest-posts__post-full-content\"><!-- wp:image {\"id\":511,\"width\":\"700px\",\"sizeSlug\":\"large\",\"linkDestination\":\"none\",\"align\":\"center\"} -->\n<figure class=\"wp-block-image aligncenter size-large is-resized\"><img loading=\"lazy\" decoding=\"async\" width=\"902\" height=\"1024\" src=\"http:\/\/www.farnostimikulovska.cz\/wp-content\/uploads\/2026\/04\/IMG-20260405-WA0003-902x1024.jpg\" alt=\"\" class=\"wp-image-511\" style=\"width:700px\" srcset=\"https:\/\/www.farnostimikulovska.cz\/wp-content\/uploads\/2026\/04\/IMG-20260405-WA0003-902x1024.jpg 902w, https:\/\/www.farnostimikulovska.cz\/wp-content\/uploads\/2026\/04\/IMG-20260405-WA0003-264x300.jpg 264w, https:\/\/www.farnostimikulovska.cz\/wp-content\/uploads\/2026\/04\/IMG-20260405-WA0003-768x872.jpg 768w, https:\/\/www.farnostimikulovska.cz\/wp-content\/uploads\/2026\/04\/IMG-20260405-WA0003.jpg 937w\" sizes=\"auto, (max-width: 902px) 100vw, 902px\" \/><\/figure>\n<!-- \/wp:image --><\/div><\/li>\n<\/ul><\/div>\n\n\n\n<div class=\"wp-block-column is-layout-flow wp-block-column-is-layout-flow\"><\/div>\n<\/div>\n<\/div><\/div><\/div>\n<\/div><\/div>\n<\/div><\/div><\/div>\n<\/div><\/div>\n\n\n\n<div class=\"wp-block-stackable-columns stk-block-columns stk-block stk-a3f9be4\" data-block-id=\"a3f9be4\"><style>.stk-a3f9be4 {margin-top:var(--stk--preset--spacing--50, 1.5rem) !important;}.stk-a3f9be4-column{--stk-column-gap:var(--stk--preset--spacing--50, clamp(30px, 5vw, 50px)) !important;row-gap:var(--stk--preset--spacing--none, 0px) !important;}<\/style><div class=\"stk-row stk-inner-blocks stk-block-content stk-content-align stk-a3f9be4-column\">\n<div class=\"wp-block-stackable-column stk-block-column stk-column stk-block stk-b291c45\" data-v=\"4\" data-block-id=\"b291c45\"><div class=\"stk-column-wrapper stk-block-column__content stk-container stk-b291c45-container stk--no-background stk--no-padding\"><div class=\"stk-block-content stk-inner-blocks stk-b291c45-inner-blocks\">\n<div class=\"wp-block-stackable-heading stk-block-heading stk-block-heading--v2 stk-block stk-61e900b stk-block-background\" id=\"heading-placeholder\" data-block-id=\"61e900b\"><style>.stk-61e900b {background-color:#210768 !important;margin-bottom:16px !important;}.stk-61e900b:before{background-color:#210768 !important;}.stk-61e900b .stk-block-heading__text{color:var(--global-palette9, var(--global-palette9)) !important;}<\/style><h3 class=\"stk-block-heading__text has-text-color\">Kalend\u00e1\u0159 akc\u00ed<\/h3><\/div>\n\n\n\n<div class=\"wp-block-group\" style=\"padding-right:0;padding-left:0\"><div class=\"wp-block-group__inner-container is-layout-constrained wp-container-core-group-is-layout-a7c31ef8 wp-block-group-is-layout-constrained\">\n<style scoped> iframe[data-tec-events-ece-iframe=\"true\"] \n{ width: 100%; height: calc( 100vw + 10px ); max-width: 100%; } \n@media screen and (min-width: 600px) { iframe[data-tec-events-ece-iframe=\"true\"] { height: 100vw; } } \n@media screen and (min-width: 853px) { iframe[data-tec-events-ece-iframe=\"true\"] { height: 850px; } } \n\nbody.tribe-events-view--embed {\n    --tec-color-background-events: #ffffff !important;\n}\n<\/style> \n\n\n\n<iframe data-tec-events-ece-iframe=\"true\" src=\"https:\/\/farnostimikulovska.cz\/?tec_calendar_embed=d5rqco9WvwS&#038;embed=true\" frameborder=\"0\" ><\/iframe>\n<\/div><\/div>\n<\/div><\/div><\/div>\n<\/div><\/div>\n\n\n\n<div class=\"wp-block-stackable-heading stk-block-heading stk-block-heading--v2 stk-block stk-6c22484 stk-block-background\" id=\"heading-placeholder\" data-block-id=\"6c22484\"><style>.stk-6c22484 {background-color:#210768 !important;margin-bottom:16px !important;}.stk-6c22484:before{background-color:#210768 !important;}.stk-6c22484 .stk-block-heading__text{color:var(--global-palette9, var(--global-palette9)) !important;}<\/style><h3 class=\"stk-block-heading__text has-text-color\">Kontakty<\/h3><\/div>\n\n\n\n<div class=\"wp-block-stackable-columns stk-block-columns stk-block stk-ed0c09c\" data-block-id=\"ed0c09c\"><style>.stk-ed0c09c {margin-top:var(--stk--preset--spacing--50, 1.5rem) !important;}.stk-ed0c09c-column{--stk-column-gap:var(--stk--preset--spacing--50, clamp(30px, 5vw, 50px)) !important;row-gap:var(--stk--preset--spacing--none, 0px) !important;}<\/style><div class=\"stk-row stk-inner-blocks stk-block-content stk-content-align stk-ed0c09c-column\">\n<div class=\"wp-block-stackable-column stk-block-column stk-column stk-block stk-c27df71\" data-v=\"4\" data-block-id=\"c27df71\"><div class=\"stk-column-wrapper stk-block-column__content stk-container stk-c27df71-container stk--no-background stk--no-padding\"><div class=\"stk-block-content stk-inner-blocks stk-c27df71-inner-blocks\"><style>.kb-google-maps-container7_e296b1-e4{height:450px;}<\/style><div class=\"kb-google-maps-container kb-google-maps-container7_e296b1-e4  wp-block-kadence-googlemaps\" data-mapid=\"7_e296b1e4\"><iframe width=\"100%\" height=\"100%\"\n\t\t\t\t\t\t\tstyle=\"border:0\" loading=\"lazy\"\n\t\t\t\t\t\t\tsrc=\"https:\/\/www.google.com\/maps\/embed\/v1\/place?key=AIzaSyBAM2o7PiQqwk15LC1XRH2e_KJ-jUa7KYk&#038;zoom=11&#038;maptype=roadmap&#038;q=Mikulov+N%C3%A1m%C4%9Bst%C3%AD+4\"\n\t\t\t\t\t\t\ttitle=\"Google map of Mikulov N\u00e1m\u011bst\u00ed 4\"><\/iframe><\/div><script>function kb_google_map7_e296b1e4() { let center = { lat: 37.8201, lng: -122.4781}; let map = new google.maps.Map(document.getElementById(\"kb-google-map7_e296b1e4\"), {\n\t\t\t\t\t    zoom: 11,\n\t\t\t\t\t    center: center,});let marker = new google.maps.Marker({   position: { lat: 37.8201, lng: -122.4781},    map: map,  });}<\/script><\/div><\/div><\/div>\n\n\n\n<div class=\"wp-block-stackable-column stk-block-column stk-column stk-block stk-4d464d6\" data-v=\"4\" data-block-id=\"4d464d6\"><div class=\"stk-column-wrapper stk-block-column__content stk-container stk-4d464d6-container stk--no-background stk--no-padding\"><div class=\"stk-block-content stk-inner-blocks stk-4d464d6-inner-blocks\">\n<p><strong>P. Mgr. Pavel Pacner<\/strong>, probo\u0161t kapituly, far\u00e1\u0159<\/p>\n\n\n\n<p>mobil: 737&nbsp;382&nbsp;622,&nbsp; e-mail: <a href=\"mailto:pavelfox36@gmail.com\">pavelfox36@gmail.com<\/a><\/p>\n\n\n\n<p><strong>P. Mgr. Josef Kube\u0161<\/strong>, kaplan<\/p>\n\n\n\n<p>mobil: 777 141 153, email: <a href=\"mailto:bobr.josef@seznam.cz\">bobr.josef@seznam.cz<\/a><\/p>\n\n\n\n<p><strong>Mgr. Stanislav Strb\u00edk,<\/strong>&nbsp;technik stavebn\u00edch investic pro mikulovsk\u00e9 a hustope\u010dsk\u00e9 d\u011bkanstv\u00ed<\/p>\n\n\n\n<p>mobil: 605 122 148, e-mail: <a href=\"mailto:tomkova@biskupstvi.cz\">strbik@biskupstvi.cz<\/a><\/p>\n<\/div><\/div><\/div>\n<\/div><\/div>\n\n\n\n<div class=\"wp-block-stackable-columns stk-block-columns stk-block stk-8aabca5\" data-block-id=\"8aabca5\"><div class=\"stk-row stk-inner-blocks stk-block-content stk-content-align stk-8aabca5-column\">\n<div class=\"wp-block-stackable-column stk-block-column stk-column stk-block stk-4f45bbd\" data-v=\"4\" data-block-id=\"4f45bbd\"><div class=\"stk-column-wrapper stk-block-column__content stk-container stk-4f45bbd-container stk--no-background stk--no-padding\"><div class=\"stk-block-content stk-inner-blocks stk-4f45bbd-inner-blocks\">\n<div class=\"wp-block-stackable-heading stk-block-heading stk-block-heading--v2 stk-block stk-9ed3ed9 stk-block-background\" id=\"heading-placeholder\" data-block-id=\"9ed3ed9\"><style>.stk-9ed3ed9 {background-color:#210768 !important;margin-bottom:16px !important;}.stk-9ed3ed9:before{background-color:#210768 !important;}.stk-9ed3ed9 .stk-block-heading__text{color:var(--global-palette9, var(--global-palette9)) !important;}<\/style><h3 class=\"stk-block-heading__text has-text-color\">Odkazy<\/h3><\/div>\n\n\n\n<div class=\"wp-block-stackable-text stk-block-text stk-block stk-4118447\" data-block-id=\"4118447\"><p class=\"stk-block-text__text\"><strong><a href=\"https:\/\/www.farnostimikulovska.cz\/?p=408\" data-type=\"post\" data-id=\"408\">K\u0159es\u0165ansk\u00fd t\u00e1bor 2026<\/a><\/strong><br><br><a href=\"https:\/\/www.biskupstvi.cz\/cs\/zivotni-situace\"><strong>\u017divotn\u00ed situace<\/strong> &#8211; Co d\u011blat kdy\u017e&#8230; (Biskupstv\u00ed brn\u011bnsk\u00e9)<\/a><br><a href=\"https:\/\/donator.cz\/brno\"><strong>Don\u00e1tor<\/strong> &#8211; Fond na podporu kn\u011b\u017e\u00ed a pastorace<\/a><br><\/p><\/div>\n<\/div><\/div><\/div>\n<\/div><\/div>\n","protected":false},"excerpt":{"rendered":"<p>\u0158\u00edmskokatolick\u00e9 farnosti: Bavory, B\u0159ez\u00ed, Dobr\u00e9 Pole, Doln\u00ed V\u011bstonice, Horn\u00ed V\u011bstonice, Klentnice, Mikulov&nbsp;sv.&nbsp;Jan, Mikulov&nbsp;sv.&nbsp;V\u00e1clav, Milovice, Pavlov, Pern\u00e1, Sedlec Po\u0159ad bohoslu\u017eeb Kalend\u00e1\u0159 akc\u00ed Kontakty P. Mgr. Pavel Pacner, probo\u0161t kapituly, far\u00e1\u0159 mobil:&#8230;<\/p>\n","protected":false},"author":1,"featured_media":0,"parent":0,"menu_order":0,"comment_status":"closed","ping_status":"closed","template":"","meta":{"_kad_post_transparent":"enable","_kad_post_title":"hide","_kad_post_layout":"normal","_kad_post_sidebar_id":"","_kad_post_content_style":"boxed","_kad_post_vertical_padding":"","_kad_post_feature":"","_kad_post_feature_position":"","_kad_post_header":false,"_kad_post_footer":false,"footnotes":""},"class_list":["post-7","page","type-page","status-publish","hentry"],"_links":{"self":[{"href":"https:\/\/www.farnostimikulovska.cz\/index.php?rest_route=\/wp\/v2\/pages\/7","targetHints":{"allow":["GET"]}}],"collection":[{"href":"https:\/\/www.farnostimikulovska.cz\/index.php?rest_route=\/wp\/v2\/pages"}],"about":[{"href":"https:\/\/www.farnostimikulovska.cz\/index.php?rest_route=\/wp\/v2\/types\/page"}],"author":[{"embeddable":true,"href":"https:\/\/www.farnostimikulovska.cz\/index.php?rest_route=\/wp\/v2\/users\/1"}],"replies":[{"embeddable":true,"href":"https:\/\/www.farnostimikulovska.cz\/index.php?rest_route=%2Fwp%2Fv2%2Fcomments&post=7"}],"version-history":[{"count":98,"href":"https:\/\/www.farnostimikulovska.cz\/index.php?rest_route=\/wp\/v2\/pages\/7\/revisions"}],"predecessor-version":[{"id":412,"href":"https:\/\/www.farnostimikulovska.cz\/index.php?rest_route=\/wp\/v2\/pages\/7\/revisions\/412"}],"wp:attachment":[{"href":"https:\/\/www.farnostimikulovska.cz\/index.php?rest_route=%2Fwp%2Fv2%2Fmedia&parent=7"}],"curies":[{"name":"wp","href":"https:\/\/api.w.org\/{rel}","templated":true}]}}